{"id":39,"date":"2012-09-26T14:03:26","date_gmt":"2012-09-26T14:03:26","guid":{"rendered":"http:\/\/underctrl.nl\/topv\/?page_id=39"},"modified":"2026-01-03T15:10:45","modified_gmt":"2026-01-03T14:10:45","slug":"de-topvrolijke-stadswandeling","status":"publish","type":"page","link":"https:\/\/topvrolijk.nl\/?page_id=39","title":{"rendered":"De Topvrolijke Stadswandeling"},"content":{"rendered":"<p><span style=\"color: #990033;\"><span style=\"font-family: 'Trebuchet MS'; font-size: x-large;\"><a href=\"https:\/\/topvrolijk.nl\/wp-content\/uploads\/2012\/09\/DSCN2512.jpg\"><br \/>\n<img loading=\"lazy\" decoding=\"async\" class=\"alignleft size-full wp-image-230\" src=\"https:\/\/topvrolijk.nl\/wp-content\/uploads\/2012\/09\/DSCN2512.jpg\" alt=\"DSCN2512\" width=\"3264\" height=\"2448\" srcset=\"https:\/\/topvrolijk.nl\/wp-content\/uploads\/2012\/09\/DSCN2512.jpg 3264w, https:\/\/topvrolijk.nl\/wp-content\/uploads\/2012\/09\/DSCN2512-300x225.jpg 300w, https:\/\/topvrolijk.nl\/wp-content\/uploads\/2012\/09\/DSCN2512-1024x768.jpg 1024w\" sizes=\"auto, (max-width: 3264px) 100vw, 3264px\" \/><\/a>De Topvrolijke stadswandeling is een groot succes! En nu ook de TEAMTocht!<\/span><\/span><br \/>\n<span style=\"color: #ff0000;\"><span style=\"font-family: 'Trebuchet MS'; font-size: x-large;\"><br \/>\n<\/span><\/span><\/p>\n<p><span style=\"color: #990033;\"><span style=\"font-family: 'Trebuchet MS'; font-size: x-large;\">Wandel mee in o.a. Zutphen, Deventer, Nijmegen, Arnhem, Z<\/span><span style=\"font-family: 'Trebuchet MS'; font-size: x-large;\">wolle, Enschede, Amersfoort, Utrecht, Kampen, Doesburg, Apeldoorn, Doetinchem, Winterswijk, Harderwijk, Hengelo, Hattem, Almelo, Hilversum, Delft, Haarlem, Ede, Wageningen, Eindhoven, Dordrecht, Tilburg, Den Bosch, Heusden, Breda, Hoorn, Alkmaar, Den Haag, Naarden, etc.<\/span><\/span><\/p>\n<p><span style=\"color: #990033;\"><span style=\"font-family: 'Trebuchet MS'; font-size: x-large;\">Of waar u maar wilt, ook dat is mogelijk!<\/span><\/span><\/p>\n<p><a href=\"https:\/\/topvrolijk.nl\/wp-content\/uploads\/2012\/09\/DSCN1928.jpg\"><img loading=\"lazy\" decoding=\"async\" class=\"alignleft wp-image-229\" src=\"https:\/\/topvrolijk.nl\/wp-content\/uploads\/2012\/09\/DSCN1928.jpg\" alt=\"DSCN1928\" width=\"447\" height=\"336\" srcset=\"https:\/\/topvrolijk.nl\/wp-content\/uploads\/2012\/09\/DSCN1928.jpg 2048w, https:\/\/topvrolijk.nl\/wp-content\/uploads\/2012\/09\/DSCN1928-300x225.jpg 300w, https:\/\/topvrolijk.nl\/wp-content\/uploads\/2012\/09\/DSCN1928-1024x768.jpg 1024w\" sizes=\"auto, (max-width: 447px) 100vw, 447px\" \/><\/a><\/p>\n<p><span style=\"color: #0000ff; font-family: 'Trebuchet MS'; font-size: x-large;\"><em>\u00a0<\/em><\/span><\/p>\n<p>&nbsp;<\/p>\n<p>&nbsp;<\/p>\n<p>&nbsp;<\/p>\n<p><em><strong>Verkozen tot &#8216;Beste \u00e9n Leukste uitje &#8216;.<\/strong><\/em><em><strong>\u00a0Met een 9.3 waardering, jahoeeeee&#8230;.!!!!<\/strong><\/em><\/p>\n<p>&nbsp;<\/p>\n<p>&nbsp;<\/p>\n<p><strong>De Topvrolijke Stadswandeling<\/strong>:<\/p>\n<p>Een stadswandeling saai? Deze echt niet! Eeuwige stagiaire Harri\u00ebtte (actrice) is bezig met haar 13e stageopdracht en heeft eindelijk iets gevonden wat wel lukt! Ze neemt u mee op een hilarische ontdekkingstocht door de binnenstad. Behalve de broodnodige maar echt wel interessante (en historische) informatie krijgt u gratis en voor niets nog een hoop overbodige informatie over van alles en nog wat toe. Van mooie verhalen en historische feiten tot hele familie gebeurtenissen, wijsheden en liedjes. Maar u mag alles weer vergeten hoor! (Onbedoeld steek je er misschien toch nog wat van op.)<br \/>\nNa de wandeling bent u vrienden voor het leven met deze sympathieke stadsgids. En het leuke is, is ze nou echt of toch niet? Ze is in ieder geval open, vrolijk, na\u00efef en een tikkeltje wereldvreemd.<br \/>\nEn je mag lekker veel lachen, met en om Harri\u00ebtte.<\/p>\n<p><strong>De Teamtocht<\/strong>:<\/p>\n<p>Bij de TEAMTocht krijgt de groep nog meer de aandacht! Bij deze Ludieke wandeling ligt de nadruk op de groepsleden en krijgen ze de kans om elkaar beter te leren kennen d.m.v. leuke drama en communicatie opdrachten. We gaan niet te diep en iedereen moet vooral veel plezier hebben. En onder begeleiding van Harri\u00ebtte kan alleen dat al niet missen! En ondertussen zie je nog wat mooie plekjes van de stad en krijg je natuurlijk ook nog wat info mee!<\/p>\n<p><strong>Wanneer\/waarom boeken<\/strong>:<\/p>\n<p>Boek\u00a0op een datum en tijdstip naar uw eigen wens,\u00a0mits Harri\u00ebtte (of andere acteur\/actrice) beschikbaar is. Dit kan zowel particulier als bedrijfsmatig. Ideaal voor <img loading=\"lazy\" decoding=\"async\" class=\"alignright size-full wp-image-106\" title=\"stad2\" src=\"https:\/\/topvrolijk.nl\/wp-content\/uploads\/2012\/10\/stad2.png\" alt=\"\" width=\"256\" height=\"192\" \/>o.a. familie-dagen, zakenrelaties, bedrijfs-uitjes, teambuilding, lunchwandelingen, vriendinnendagen, vrijgezellenfeestjes, rode hoedjes bijeenkomsten, bestuurs-uitjes, verjaardagen of &#8230;. nou ja &#8230;.. gewoon &#8230;&#8230;.omdat het zo leuk is!<\/p>\n<p><strong>De Wandeling<\/strong>:<\/p>\n<ul>\n<li>duurt 1,5 uur.<\/li>\n<li>Bepaal zelf de aanvangstijd en als u wilt ook\u00a0de start- en de eindplaats van de wandeling. (Binnen de grenzen van de binnenstad natuurlijk!).<\/li>\n<li>Harri\u00ebtte kan u ophalen en\/of weer afzetten bij bijv. een caf\u00e9 of restaurant naar keuze.\u00a0Maar ook op het Stationsplein, bij een hotel of gewoon op de markt, of..nou ja, ze is heeeeel flexibel wat dat betreft.<\/li>\n<li>Natuurlijk maken we een leuke groepsfoto ter herinnering!<\/li>\n<li>Het is mogelijk om achtergrond informatie te geven over uw groep.\u00a0Zeker leuk als u wel, maar de rest van de groep geen idee heeft wat er gaat gebeuren. Daar kan Harri\u00ebtte wel wat mee!\u00a0Hilarisch hoe er gereageerd kan worden als ze informatie heeft die ze niet kan weten!<\/li>\n<li>In overleg kan er natuurlijk nog van alles bedacht en aangepast worden naar uw wensen, &#8220;bijna&#8221; alles is mogelijk. Hoe gekker hoe leuker! En in Harri\u00ebttes geval is &#8216;de gewone wandeling&#8217; al behoorlijk wereldvreemd. Het kan alleen maar nog vrolijker worden.<\/li>\n<\/ul>\n<p><strong>Groepsgrootte<\/strong>:<\/p>\n<p>De minimale of maximale groepsgrootte speelt geen rol. Met maar 4 personen (ook heel leuk!!) of met 100 of meer.\u00a0 Het record staat op 72 personen in 1 groep! U mag groepen splitsen of juist als 1 groep bij elkaar blijven, wat u wilt! Harri\u00ebtte kan een enorme stem opzetten, waar ze een heel plein mee kan bereiken als het moet. Bij een groep groter dan 45 personen kan er als ondersteuning\u00a0een extra acteur\/actrice meekomen (bij de prijs inbegrepen).\u00a0Dus wie weet wandelt u binnenkort, met heel veel vrienden of collega&#8217;s of juist met een intiem clubje, samen met Harri\u00ebtte door \u00e9\u00e9n van de mooie en bijzondere binnensteden van Nederland&#8230;of ergens anders&#8230; ze verheugt zich nu al!<\/p>\n<p><strong>Nieuwe stad<\/strong>:<\/p>\n<p>Wilt u Harri\u00ebtte boeken voor een (stads)wandeling in een voor haar nog vreemde stad (dorp, polder, weiland, bos, land, of boot- of bustocht) dan kan dat zeker ook. Ze zal even behoorlijk in paniek raken, maar zich dan vol goede moed, veel zin en met een dosis gezonde nieuwsgierigheid en humor storten op de bijzonderheden van deze nieuwe ontdekkingstocht en u op haar eigen (on)zinnige wijze daar rondleiden. (De eventuele extra kosten gaan altijd in overleg.).<\/p>\n<p><strong>&#8220;Stageplaatsen&#8221;:<br \/>\n<\/strong><br \/>\nHarri\u00ebtte is ook erg op zoek naar andersoortige stage plaatsen om haar stagepunten te behalen. Mocht u een plekje vrij hebben op uw personeelsfeest, beursdag, verjaardag, congres, busreis, dagje uit of een ander (wellicht wat saaie) bijeenkomst, Harri\u00ebtte doet graag haar uiterste best om er een vrolijke en onvergetelijke ervaring van te maken. Ze kan &#8220;bijna&#8221;\u00a0alles! Neemt u gerust contact op.<\/p>\n<p><img loading=\"lazy\" decoding=\"async\" class=\"alignleft size-full wp-image-114\" title=\"stad4\" src=\"https:\/\/topvrolijk.nl\/wp-content\/uploads\/2012\/09\/stad4.png\" alt=\"\" width=\"155\" height=\"236\" \/><\/p>\n<p>&nbsp;<\/p>\n<p>&nbsp;<\/p>\n<p>&nbsp;<\/p>\n<p>&nbsp;<\/p>\n<p>&nbsp;<\/p>\n<p>&nbsp;<\/p>\n<p><strong><em><span style=\"font-family: 'Trebuchet MS'; font-size: small;\">Harri\u00ebtte heeft &#8216;bijna&#8217; overal wel iets te vertellen..of wat te vragen..of hardop na te denken..of te zingen..of zich iets af te vragen..of ze wordt door iets afgeleid &#8230;of ze is in verwarring&#8230;of ze raakt in gesprek&#8230;in ieder geval: ze verveelt zich zelden!!! Tja&#8230;en u dus ook niet!<\/span><\/em><\/strong><\/p>\n<p>&nbsp;<\/p>\n<p><span style=\"font-size: small;\"><strong><span style=\"color: #ff0000; font-family: 'trebuchet ms', geneva;\">Prijzen <\/span><span style=\"color: #ff0000; font-family: 'trebuchet ms', geneva;\">Topvrolijke Stadswandeling<\/span><span style=\"color: #ff0000; font-family: 'trebuchet ms', geneva;\"> :<br \/>\n<\/span><\/strong><\/span><span style=\"color: #ff0000;\"><span style=\"font-family: 'trebuchet ms', geneva;\"><span style=\"font-size: small;\"><strong>Voor een groep t\/m 10 personen: \u20ac 250,-<br \/>\n<\/strong><\/span><\/span><strong style=\"font-size: small; font-family: 'trebuchet ms', geneva;\">Elke persoon extra: \u20ac 17,50<br \/>\nKinderen van 6 t\/m 12 jaar: \u20ac10,-<br \/>\n<\/strong><\/span><span style=\"color: #ff0000;\"><strong style=\"font-size: small; font-family: 'trebuchet ms', geneva;\">Kinderen t\/m 5 jaar gratis<\/strong><\/span><\/p>\n<p><strong style=\"font-size: small; font-family: 'trebuchet ms', geneva; color: #ff0000;\">Prijzen voor de TEAMTocht:<br \/>\nVoor een groep t\/m 10 personen \u20ac 350,-<br \/>\nElke persoon extra: \u20ac 20,-<br \/>\nkinderen van 6 t\/m 12 jaar: \u20ac 10,-<br \/>\nKinderen t\/m 5 jaar gratis<br \/>\n<\/strong><\/p>\n<p><strong style=\"font-size: small; font-family: 'trebuchet ms', geneva; color: #ff0000;\">Dit is inclusief alle voorbereidingen, administratie, een kleine tegemoetkoming in de reiskosten \u00e1 \u20ac 15,- en 9 % BTW<\/strong><\/p>\n<p><strong style=\"font-size: small; font-family: 'trebuchet ms', geneva; color: #ff0000;\">Kosten nieuwe stad voorbereiden : vanaf \u20ac 100,- \u00a0(afhankelijk van de afstand en altijd in overleg)<\/strong><\/p>\n<p>&nbsp;<\/p>\n<p><span style=\"color: #000000; font-family: 'trebuchet ms', geneva; font-size: small;\"><span style=\"color: #000000; font-family: 'Times New Roman'; font-size: medium;\"><img loading=\"lazy\" decoding=\"async\" class=\"alignleft size-full wp-image-115\" title=\"stad5\" src=\"https:\/\/topvrolijk.nl\/wp-content\/uploads\/2012\/09\/stad5.png\" alt=\"\" width=\"492\" height=\"310\" srcset=\"https:\/\/topvrolijk.nl\/wp-content\/uploads\/2012\/09\/stad5.png 492w, https:\/\/topvrolijk.nl\/wp-content\/uploads\/2012\/09\/stad5-300x189.png 300w\" sizes=\"auto, (max-width: 492px) 100vw, 492px\" \/><br \/>\n<\/span><\/span><\/p>\n<p><span style=\"color: #000000; font-family: 'trebuchet ms', geneva; font-size: small;\">\u00a0<\/span><\/p>\n<p>&nbsp;<\/p>\n<p><span style=\"color: #ff0000; font-family: 'trebuchet ms', geneva, geneva; font-size: small;\"><strong>Thema&#8217;s die de revue kunnen passeren tijdens de wandelingen zijn:<\/strong><\/span><\/p>\n<p><em><strong><span style=\"font-family: 'trebuchet ms', geneva, geneva; font-size: small;\">Toerist in Zutphen\/Zwolle\/Deventer\/Nijmegen\/Arnhem, etc, wat nu? \/ Wat u niet mag missen in deze stad.. (de lievelingsplekjes van Harri\u00ebtte) \/ Winkelen en Wentelen, nu even ik! (m.n. vrouwenwandeling) \/ Mijn moeder zegt altijd: &#8230;.(bruikbare maar ook totaal overbodige tips) \/ Terrasjes route (kan vrij lang duren, mits droog weer) \/<\/span><\/strong><\/em><span style=\"font-family: 'trebuchet ms', geneva, geneva; font-size: small;\"><em><strong>\u00a0De laatste keer vrijgezel wandeling (kan emotioneel zijn) \/ De &#8220;We laten de dobbelsteen beslissen welke kant we opgaan&#8221; wandeling (graag noodrantsoen meenemen) \/ De &#8220;Ik hou niet van wandelen&#8221; wandeling (vrij kort) \/ Shoppen in de crisistijd (etalages kijken) \/ Beeldige Binnenstad (kunst kijken) \/ Doorkijkjes \/ Oog in oog met de stadsmuur \/ Zo&#8230;.dat is echt oud! \/ Interactieve momenten \/ Sssstttt&#8230;.stille plekjes (liever niet, want deze is erg lastig voor Harri\u00ebtte.)<\/strong><\/em><\/span><\/p>\n","protected":false},"excerpt":{"rendered":"<p>De Topvrolijke stadswandeling is een groot succes! En nu ook de TEAMTocht! Wandel mee in o.a. Zutphen, Deventer, Nijmegen, Arnhem, Zwolle, Enschede, Amersfoort, Utrecht, Kampen, Doesburg, Apeldoorn, Doetinchem, Winterswijk, Harderwijk, Hengelo, Hattem, Almelo, Hilversum, Delft, Haarlem, Ede, Wageningen, Eindhoven, Dordrecht, Tilburg, Den Bosch, Heusden, Breda, Hoorn, Alkmaar, Den Haag, Naarden, etc. Of waar u maar &hellip; <a href=\"https:\/\/topvrolijk.nl\/?page_id=39\" class=\"more-link\">Lees verder <span class=\"screen-reader-text\">De Topvrolijke Stadswandeling<\/span> <span class=\"meta-nav\">&rarr;<\/span><\/a><\/p>\n","protected":false},"author":1,"featured_media":0,"parent":0,"menu_order":3,"comment_status":"closed","ping_status":"open","template":"","meta":{"footnotes":""},"class_list":["post-39","page","type-page","status-publish","hentry"],"_links":{"self":[{"href":"https:\/\/topvrolijk.nl\/index.php?rest_route=\/wp\/v2\/pages\/39","targetHints":{"allow":["GET"]}}],"collection":[{"href":"https:\/\/topvrolijk.nl\/index.php?rest_route=\/wp\/v2\/pages"}],"about":[{"href":"https:\/\/topvrolijk.nl\/index.php?rest_route=\/wp\/v2\/types\/page"}],"author":[{"embeddable":true,"href":"https:\/\/topvrolijk.nl\/index.php?rest_route=\/wp\/v2\/users\/1"}],"replies":[{"embeddable":true,"href":"https:\/\/topvrolijk.nl\/index.php?rest_route=%2Fwp%2Fv2%2Fcomments&post=39"}],"version-history":[{"count":53,"href":"https:\/\/topvrolijk.nl\/index.php?rest_route=\/wp\/v2\/pages\/39\/revisions"}],"predecessor-version":[{"id":674,"href":"https:\/\/topvrolijk.nl\/index.php?rest_route=\/wp\/v2\/pages\/39\/revisions\/674"}],"wp:attachment":[{"href":"https:\/\/topvrolijk.nl\/index.php?rest_route=%2Fwp%2Fv2%2Fmedia&parent=39"}],"curies":[{"name":"wp","href":"https:\/\/api.w.org\/{rel}","templated":true}]}}