{"id":41,"date":"2012-09-26T14:05:49","date_gmt":"2012-09-26T14:05:49","guid":{"rendered":"http:\/\/underctrl.nl\/topv\/?page_id=41"},"modified":"2026-01-03T15:23:35","modified_gmt":"2026-01-03T14:23:35","slug":"iets-over-mij","status":"publish","type":"page","link":"https:\/\/topvrolijk.nl\/?page_id=41","title":{"rendered":"Iets over mezelf"},"content":{"rendered":"<p><a href=\"https:\/\/topvrolijk.nl\/wp-content\/uploads\/2012\/09\/mezelf-frank.jpg\"><img loading=\"lazy\" decoding=\"async\" class=\"alignnone size-medium wp-image-240\" src=\"https:\/\/topvrolijk.nl\/wp-content\/uploads\/2012\/09\/mezelf-frank-200x300.jpg\" alt=\"mezelf frank\" width=\"200\" height=\"300\" srcset=\"https:\/\/topvrolijk.nl\/wp-content\/uploads\/2012\/09\/mezelf-frank-200x300.jpg 200w, https:\/\/topvrolijk.nl\/wp-content\/uploads\/2012\/09\/mezelf-frank.jpg 480w\" sizes=\"auto, (max-width: 200px) 100vw, 200px\" \/><\/a><\/p>\n<p>Na mijn HBO studie, Creatieve Therapie Drama te Nijmegen, ben ik in 1999 terecht gekomen in\u00a0het Land van Ooit. Een geweldige plek voor zowel improvisatie als teksttoneel. En een fijne ontmoetingsplaats voor mede acteurs. Van daaruit ben ik als freelance actrice doorgestroomd naar verschillende theater- en communicatiebureaus.<br \/>\nAl heel snel volgde mijn eigen theaterbureau.<\/p>\n<p><strong>&#8216;T Opvrolijk Theater<\/strong> met o.a. de <strong>Topvrolijke Stadswandeling<\/strong>.<br \/>\nIk zag\u00a0 vaak rondleidingen waarbij niet iedereen het even goed naar zijn zin leek te hebben. Dat moest anders kunnen dacht ik. Ik vind het erg leuk om cultuur, historie, mensen en een vette lach te kunnen combineren. En dat was de start van deze ludieke stadswandeling onder begeleiding van mijn lievelingsrol: <strong>Stagiaire Harri\u00ebtte<\/strong>. Een heerlijk vrolijk, na\u00efef, sympathiek en ontzettend grappig personage. Het werd zo\u2019n succes dat al gauw meerdere steden rondom Zutphen volgden.<\/p>\n<p>In 2012 is dit vrolijke concept helemaal <strong>landelijk<\/strong> gegaan. In prettige samenwerking met Uitjes in Holland, daar wordt de Topvrolijke stadswandeling nog altijd aangeboden als de Koldertocht.<br \/>\nMet oude en nieuwe collega\u2019s zijn we nu al jaren druk bezig om heel Nederland al stadswandelend op te vrolijken. Ik loop zelf ondertussen al in zo&#8217;n 40 steden en ik hoop dat er nog meer gaan volgen.<br \/>\nHet loopt letterlijk en figuurlijk erg goed en ik ben er zeer trots op! Zeker ook op mijn vaste team super acteurs die ik in kan zetten als ik zelf bijv. al geboekt ben.<\/p>\n<p>Met ons nieuwste project, <strong>De TeamTocht<\/strong>, gaat het ook goed. Het is een combi van vrolijke groepsoefeningen\u00a0en stadswandelen ineen. Harri\u00ebtte gaat los! Zo leuk, de groep leert \u00e9n elkaar \u00e9n de stad wat beter kennen \u00e9n dat allemaal lekker buiten. \u00c9n heel veel lachen!!!<\/p>\n<p>Na al die jaren in het <strong>entertainment<\/strong>, vind ik het nog steeds geweldig om steeds weer nieuwe (groepen) mensen te ontmoeten, ze te verbazen, ze te laten lachen, soms tot tranen en tena-ladies aan toe \ud83d\ude09 en dan als vrienden weer afscheid te nemen. Ik ben superblij met mijn werk\/vak.<\/p>\n<p><span style=\"line-height: 1.5em;\">Dus wie weet komen we elkaar binnenkort ergens tegen en vrolijk ik u op!<\/span><\/p>\n<p>Heel graag tot ziens en een\u00a0 vrolijke groet, Manon de Boom<\/p>\n<p>&nbsp;<\/p>\n<p>N.B. Naast alle stadswandelingen blijf ik dus ook te boeken voor\u00a0 presentaties, openingen, congressen, jubilarisfeestjes, beurswerk en ander prettig vermaak.<\/p>\n<p>&nbsp;<\/p>\n<p align=\"left\"><img loading=\"lazy\" decoding=\"async\" class=\"alignleft size-full wp-image-84\" title=\"2\" src=\"https:\/\/topvrolijk.nl\/wp-content\/uploads\/2012\/10\/2.jpg\" alt=\"\" width=\"197\" height=\"129\" \/><\/p>\n<p align=\"left\">\n","protected":false},"excerpt":{"rendered":"<p>Na mijn HBO studie, Creatieve Therapie Drama te Nijmegen, ben ik in 1999 terecht gekomen in\u00a0het Land van Ooit. Een geweldige plek voor zowel improvisatie als teksttoneel. En een fijne ontmoetingsplaats voor mede acteurs. Van daaruit ben ik als freelance actrice doorgestroomd naar verschillende theater- en communicatiebureaus. Al heel snel volgde mijn eigen theaterbureau. &#8216;T &hellip; <a href=\"https:\/\/topvrolijk.nl\/?page_id=41\" class=\"more-link\">Lees verder <span class=\"screen-reader-text\">Iets over mezelf<\/span> <span class=\"meta-nav\">&rarr;<\/span><\/a><\/p>\n","protected":false},"author":1,"featured_media":0,"parent":0,"menu_order":2,"comment_status":"closed","ping_status":"open","template":"","meta":{"footnotes":""},"class_list":["post-41","page","type-page","status-publish","hentry"],"_links":{"self":[{"href":"https:\/\/topvrolijk.nl\/index.php?rest_route=\/wp\/v2\/pages\/41","targetHints":{"allow":["GET"]}}],"collection":[{"href":"https:\/\/topvrolijk.nl\/index.php?rest_route=\/wp\/v2\/pages"}],"about":[{"href":"https:\/\/topvrolijk.nl\/index.php?rest_route=\/wp\/v2\/types\/page"}],"author":[{"embeddable":true,"href":"https:\/\/topvrolijk.nl\/index.php?rest_route=\/wp\/v2\/users\/1"}],"replies":[{"embeddable":true,"href":"https:\/\/topvrolijk.nl\/index.php?rest_route=%2Fwp%2Fv2%2Fcomments&post=41"}],"version-history":[{"count":30,"href":"https:\/\/topvrolijk.nl\/index.php?rest_route=\/wp\/v2\/pages\/41\/revisions"}],"predecessor-version":[{"id":165,"href":"https:\/\/topvrolijk.nl\/index.php?rest_route=\/wp\/v2\/pages\/41\/revisions\/165"}],"wp:attachment":[{"href":"https:\/\/topvrolijk.nl\/index.php?rest_route=%2Fwp%2Fv2%2Fmedia&parent=41"}],"curies":[{"name":"wp","href":"https:\/\/api.w.org\/{rel}","templated":true}]}}